{"id":257,"date":"2019-04-24T09:48:39","date_gmt":"2019-03-25T13:18:06","guid":{"rendered":"https:\/\/scharrelmann.com\/kontakt-2\/"},"modified":"2019-06-03T09:39:23","modified_gmt":"2019-06-03T07:39:23","slug":"datenschutzerklaerung","status":"publish","type":"page","link":"https:\/\/scharrelmann.com\/en\/datenschutzerklaerung\/","title":{"rendered":"DATA PRIVACY"},"content":{"rendered":"","protected":false},"excerpt":{"rendered":"","protected":false},"author":1,"featured_media":0,"parent":0,"menu_order":13,"comment_status":"closed","ping_status":"closed","template":"","meta":[],"class_list":["post-257","page","type-page","status-publish","hentry"],"grid":"{\r\n  \"colCount\": 12,\r\n  \"colGutter\": 1,\r\n  \"rowGutters\": [\r\n    4\r\n  ],\r\n  \"frameMargin\": 2,\r\n  \"topFrameMargin\": 2,\r\n  \"bottomFrameMargin\": 5,\r\n  \"rowAttrs\": [\r\n    {},\r\n    {}\r\n  ],\r\n  \"bgColor\": null,\r\n  \"cont\": [\r\n    {\r\n      \"type\": \"text\",\r\n      \"cont\": \"<h1 class=\\\"_NAVIGATION\\\"><a href=\\\"https:\/\/scharrelmann.com\/scharrelmann\/\\\" data-type=\\\"page\\\" data-id=\\\"28\\\" data-title=\\\"SCHARRELMANN\\\">\u2039 DATA PRIVACY<\/a><\/h1>\",\r\n      \"align\": \"top\",\r\n      \"row\": 0,\r\n      \"col\": 0,\r\n      \"colspan\": 6,\r\n      \"offsetx\": 0,\r\n      \"offsety\": 0,\r\n      \"spaceabove\": 0,\r\n      \"spacebelow\": 0,\r\n      \"yvel\": 1,\r\n      \"push\": 0,\r\n      \"relid\": 4\r\n    },\r\n    {\r\n      \"type\": \"stack\",\r\n      \"cont\": [\r\n        {\r\n          \"type\": \"text\",\r\n          \"cont\": \"<p class=\\\"_Copytext\\\">Datenschutzerkl\u00e4rung<\/p><p class=\\\"_Copytext\\\">1. Datenschutz auf einen Blick<\/p><p class=\\\"_Copytext\\\">Allgemeine Hinweise<\/p><p class=\\\"_Copytext\\\">Die folgenden Hinweise geben einen einfachen \u00dcberblick dar\u00fcber, was mit Ihren personenbezogenen Daten\u00a0passiert, wenn Sie unsere Website besuchen. Personenbezogene Daten sind alle Daten, mit denen Sie\u00a0pers\u00f6nlich identifiziert werden k\u00f6nnen. Ausf\u00fchrliche Informationen zum Thema Datenschutz entnehmen\u00a0Sie unserer unter diesem Text aufgef\u00fchrten Datenschutzerkl\u00e4rung.<\/p><p class=\\\"_Copytext\\\">Datenerfassung auf unserer Website<\/p><p class=\\\"_Copytext\\\">Wer ist verantwortlich f\u00fcr die Datenerfassung auf dieser Website?<\/p><p class=\\\"_Copytext\\\">Die Datenverarbeitung auf dieser Website erfolgt durch den Websitebetreiber. Dessen Kontaktdaten\u00a0k\u00f6nnen Sie dem Impressum dieser Website entnehmen.<\/p><p class=\\\"_Copytext\\\">Wie erfassen wir Ihre Daten?<\/p><p class=\\\"_Copytext\\\">Ihre Daten werden zum einen dadurch erhoben, dass Sie uns diese mitteilen. Hierbei kann es sich z. B. um\u00a0Daten handeln, die Sie in ein Kontaktformular eingeben.\u00a0Andere Daten werden automatisch beim Besuch der Website durch unsere IT-Systeme erfasst. Das sind vor\u00a0allem technische Daten (z. B. Internetbrowser, Betriebssystem oder Uhrzeit des Seitenaufrufs). Die\u00a0Erfassung dieser Daten erfolgt automatisch, sobald Sie unsere Website betreten.<\/p><p class=\\\"_Copytext\\\">Wof\u00fcr nutzen wir Ihre Daten?<\/p><p class=\\\"_Copytext\\\">Ein Teil der Daten wird erhoben, um eine fehlerfreie Bereitstellung der Website zu gew\u00e4hrleisten. Andere\u00a0Daten k\u00f6nnen zur Analyse Ihres Nutzerverhaltens verwendet werden.<\/p><p class=\\\"_Copytext\\\">Welche Rechte haben Sie bez\u00fcglich Ihrer Daten?<\/p><p class=\\\"_Copytext\\\">Sie haben jederzeit das Recht unentgeltlich Auskunft \u00fcber Herkunft, Empf\u00e4nger und Zweck Ihrer\u00a0gespeicherten personenbezogenen Daten zu erhalten. Sie haben au\u00dferdem ein Recht, die Berichtigung,\u00a0Sperrung oder L\u00f6schung dieser Daten zu verlangen. Hierzu sowie zu weiteren Fragen zum Thema\u00a0Datenschutz k\u00f6nnen Sie sich jederzeit unter der im Impressum angegebenen Adresse an uns wenden. Des\u00a0Weiteren steht Ihnen ein Beschwerderecht bei der zust\u00e4ndigen Aufsichtsbeh\u00f6rde zu.\u00a0Au\u00dferdem haben Sie das Recht, unter bestimmten Umst\u00e4nden die Einschr\u00e4nkung der Verarbeitung Ihrer\u00a0personenbezogenen Daten zu verlangen. Details hierzu entnehmen Sie der Datenschutzerkl\u00e4rung unter\u00a0\u201eRecht auf Einschr\u00e4nkung der Verarbeitung\u201c.<\/p><p>\u00a0<\/p><p class=\\\"_Copytext\\\">2. Allgemeine Hinweise und Pflichtinformationen<\/p><p class=\\\"_Copytext\\\">Datenschutz<\/p><p class=\\\"_Copytext\\\">Die Betreiber dieser Seiten nehmen den Schutz Ihrer pers\u00f6nlichen Daten sehr ernst. Wir behandeln Ihre\u00a0personenbezogenen Daten vertraulich und entsprechend der gesetzlichen Datenschutzvorschriften sowie\u00a0dieser Datenschutzerkl\u00e4rung.\u00a0Wenn Sie diese Website benutzen, werden verschiedene personenbezogene Daten erhoben.\u00a0Personenbezogene Daten sind Daten, mit denen Sie pers\u00f6nlich identifiziert werden k\u00f6nnen. Die vorliegende\u00a0Datenschutzerkl\u00e4rung erl\u00e4utert, welche Daten wir erheben und wof\u00fcr wir sie nutzen. Sie erl\u00e4utert auch, wie\u00a0und zu welchem Zweck das geschieht.\u00a0Wir weisen darauf hin, dass die Daten\u00fcbertragung im Internet (z. B. bei der Kommunikation per E-Mail)\u00a0Sicherheitsl\u00fccken aufweisen kann. Ein l\u00fcckenloser Schutz der Daten vor dem Zugriff durch Dritte ist nicht\u00a0m\u00f6glich.<\/p><p class=\\\"_Copytext\\\">Hinweis zur verantwortlichen Stelle<\/p><p class=\\\"_Copytext\\\">Die verantwortliche Stelle f\u00fcr die Datenverarbeitung auf dieser Website ist:<\/p><p class=\\\"_Copytext\\\">Jan Scharrelmann<\/p><p class=\\\"_Copytext\\\">Oskar-Jaeger-Strasse 145<\/p><p class=\\\"_Copytext\\\">50825 Cologne \/ Germany<\/p><p class=\\\"_Copytext\\\">E-Mail: mail@scharrelmann.com<\/p><p class=\\\"_Copytext\\\">Verantwortliche Stelle ist die nat\u00fcrliche oder juristische Person, die allein oder gemeinsam mit anderen \u00fcber\u00a0die Zwecke und Mittel der Verarbeitung von personenbezogenen Daten (z. B. Namen, E-Mail-Adressen o. \u00c4.)\u00a0entscheidet.<\/p><p class=\\\"_Copytext\\\">Widerruf Ihrer Einwilligung zur Datenverarbeitung<\/p><p class=\\\"_Copytext\\\">Viele Datenverarbeitungsvorg\u00e4nge sind nur mit Ihrer ausdr\u00fccklichen Einwilligung m\u00f6glich. Sie k\u00f6nnen eine\u00a0bereits erteilte Einwilligung jederzeit widerrufen. Dazu reicht eine formlose Mitteilung per E-Mail an uns.\u00a0Die Rechtm\u00e4\u00dfigkeit der bis zum Widerruf erfolgten Datenverarbeitung bleibt vom Widerruf unber\u00fchrt.<\/p><p class=\\\"_Copytext\\\">Widerspruchsrecht gegen die Datenerhebung in besonderen F\u00e4llen sowie gegen\u00a0Direktwerbung (Art. 21 DSGVO)<\/p><p class=\\\"_Copytext\\\">Wenn die Datenverarbeitung auf Grundlage von Art. 6 Abs. 1 lit. e oder f DSGVO erfolgt, haben Sie\u00a0jederzeit das Recht, aus Gr\u00fcnden, die sich aus Ihrer besonderen Situation ergeben, gegen die Verarbeitung\u00a0Ihrer personenbezogenen Daten Widerspruch einzulegen; dies gilt auch f\u00fcr ein auf diese Bestimmungen\u00a0gest\u00fctztes Profiling. Die jeweilige Rechtsgrundlage, auf denen eine Verarbeitung beruht, entnehmen Sie\u00a0dieser Datenschutzerkl\u00e4rung. Wenn Sie Widerspruch einlegen, werden wir Ihre betroffenen\u00a0personenbezogenen Daten nicht mehr verarbeiten, es sei denn, wir k\u00f6nnen zwingende schutzw\u00fcrdige\u00a0Gr\u00fcnde f\u00fcr die Verarbeitung nachweisen, die Ihre Interessen, Rechte und Freiheiten \u00fcberwiegen oder die\u00a0Verarbeitung dient der Geltendmachung, Aus\u00fcbung oder Verteidigung von Rechtsanspr\u00fcchen\u00a0(Widerspruch nach Art. 21 Abs. 1 DSGVO).<\/p><p class=\\\"_Copytext\\\">Werden Ihre personenbezogenen Daten verarbeitet, um Direktwerbung zu betreiben, so haben Sie das\u00a0Recht, jederzeit Widerspruch gegen die Verarbeitung Sie betreffender personenbezogener Daten zum\u00a0Zwecke derartiger Werbung einzulegen; dies gilt auch f\u00fcr das Profiling, soweit es mit solcher\u00a0Direktwerbung in Verbindung steht. Wenn Sie widersprechen, werden Ihre personenbezogenen Daten\u00a0anschlie\u00dfend nicht mehr zum Zwecke der Direktwerbung verwendet (Widerspruch nach Art. 21 Abs. 2\u00a0DSGVO).<\/p><p class=\\\"_Copytext\\\">Beschwerderecht bei der zust\u00e4ndigen Aufsichtsbeh\u00f6rde<\/p><p class=\\\"_Copytext\\\">Im Falle von Verst\u00f6\u00dfen gegen die DSGVO steht den Betroffenen ein Beschwerderecht bei einer\u00a0Aufsichtsbeh\u00f6rde, insbesondere in dem Mitgliedstaat ihres gew\u00f6hnlichen Aufenthalts, ihres Arbeitsplatzes\u00a0oder des Orts des mutma\u00dflichen Versto\u00dfes zu. Das Beschwerderecht besteht unbeschadet anderweitiger\u00a0verwaltungsrechtlicher oder gerichtlicher Rechtsbehelfe.<\/p><p class=\\\"_Copytext\\\">Recht auf Daten\u00fcbertragbarkeit<\/p><p class=\\\"_Copytext\\\">Sie haben das Recht, Daten, die wir auf Grundlage Ihrer Einwilligung oder in Erf\u00fcllung eines Vertrags\u00a0automatisiert verarbeiten, an sich oder an einen Dritten in einem g\u00e4ngigen, maschinenlesbaren Format\u00a0aush\u00e4ndigen zu lassen. Sofern Sie die direkte \u00dcbertragung der Daten an einen anderen \u00a0Verantwortlichenverlangen, erfolgt dies nur, soweit es technisch machbar ist.<\/p><p class=\\\"_Copytext\\\">Auskunft, Sperrung, L\u00f6schung und Berichtigung<\/p><p class=\\\"_Copytext\\\">Sie haben im Rahmen der geltenden gesetzlichen Bestimmungen jederzeit das Recht auf unentgeltliche\u00a0Auskunft \u00fcber Ihre gespeicherten personenbezogenen Daten, deren Herkunft und Empf\u00e4nger und den\u00a0Zweck der Datenverarbeitung und ggf. ein Recht auf Berichtigung, Sperrung oder L\u00f6schung dieser Daten.\u00a0Hierzu sowie zu weiteren Fragen zum Thema personenbezogene Daten k\u00f6nnen Sie sich jederzeit unter der\u00a0im Impressum angegebenen Adresse an uns wenden.<\/p><p class=\\\"_Copytext\\\">Recht auf Einschr\u00e4nkung der Verarbeitung<\/p><p class=\\\"_Copytext\\\">Sie haben das Recht, die Einschr\u00e4nkung der Verarbeitung Ihrer personenbezogenen Daten zu verlangen.\u00a0Hierzu k\u00f6nnen Sie sich jederzeit unter der im Impressum angegebenen Adresse an uns wenden. Das Recht\u00a0auf Einschr\u00e4nkung der Verarbeitung besteht in folgenden F\u00e4llen:<\/p><p class=\\\"_Copytext\\\">Wenn Sie die Richtigkeit Ihrer bei uns gespeicherten personenbezogenen Daten bestreiten, ben\u00f6tigen wir\u00a0in der Regel Zeit, um dies zu \u00fcberpr\u00fcfen. F\u00fcr die Dauer der Pr\u00fcfung haben Sie das Recht, die\u00a0Einschr\u00e4nkung der Verarbeitung Ihrer personenbezogenen Daten zu verlangen.\u00a0Wenn die Verarbeitung Ihrer personenbezogenen Daten unrechtm\u00e4\u00dfig geschah\/geschieht, k\u00f6nnen Sie\u00a0statt der L\u00f6schung die Einschr\u00e4nkung der Datenverarbeitung verlangen.\u00a0Wenn wir Ihre personenbezogenen Daten nicht mehr ben\u00f6tigen, Sie sie jedoch zur Aus\u00fcbung,\u00a0Verteidigung oder Geltendmachung von Rechtsanspr\u00fcchen ben\u00f6tigen, haben Sie das Recht, statt der\u00a0L\u00f6schung die Einschr\u00e4nkung der Verarbeitung Ihrer personenbezogenen Daten zu verlangen.\u00a0Wenn Sie einen Widerspruch nach Art. 21 Abs. 1 DSGVO eingelegt haben, muss eine Abw\u00e4gung zwischen\u00a0Ihren und unseren Interessen vorgenommen werden. Solange noch nicht feststeht, wessen Interessen\u00a0\u00fcberwiegen, haben Sie das Recht, die Einschr\u00e4nkung der Verarbeitung Ihrer personenbezogenen Daten\u00a0zu verlangen.\u00a0Wenn Sie die Verarbeitung Ihrer personenbezogenen Daten eingeschr\u00e4nkt haben, d\u00fcrfen diese Daten \u2013 von\u00a0ihrer Speicherung abgesehen \u2013 nur mit Ihrer Einwilligung oder zur Geltendmachung, Aus\u00fcbung oder\u00a0Verteidigung von Rechtsanspr\u00fcchen oder zum Schutz der Rechte einer anderen nat\u00fcrlichen oder\u00a0juristischen Person oder aus Gr\u00fcnden eines wichtigen \u00f6ffentlichen Interesses der Europ\u00e4ischen Union oder\u00a0eines Mitgliedstaats verarbeitet werden.<\/p><p>\u00a0<\/p><p class=\\\"_Copytext\\\">3. Datenerfassung auf unserer Website<\/p><p class=\\\"_Copytext\\\">Cookies<\/p><p class=\\\"_Copytext\\\">Die Internetseiten verwenden teilweise so genannte Cookies. Cookies richten auf Ihrem Rechner keinen\u00a0Schaden an und enthalten keine Viren. Cookies dienen dazu, unser Angebot nutzerfreundlicher, effektiver\u00a0und sicherer zu machen. Cookies sind kleine Textdateien, die auf Ihrem Rechner abgelegt werden und die Ihr\u00a0Browser speichert.\u00a0Die meisten der von uns verwendeten Cookies sind so genannte \u201eSession-Cookies\u201c. Sie werden nach Ende\u00a0Ihres Besuchs automatisch gel\u00f6scht. Andere Cookies bleiben auf Ihrem Endger\u00e4t gespeichert bis Sie diese\u00a0l\u00f6schen. Diese Cookies erm\u00f6glichen es uns, Ihren Browser beim n\u00e4chsten Besuch wiederzuerkennen.\u00a0Sie k\u00f6nnen Ihren Browser so einstellen, dass Sie \u00fcber das Setzen von Cookies informiert werden und\u00a0Cookies nur im Einzelfall erlauben, die Annahme von Cookies f\u00fcr bestimmte F\u00e4lle oder generell ausschlie\u00dfen\u00a0sowie das automatische L\u00f6schen der Cookies beim Schlie\u00dfen des Browser aktivieren. Bei der Deaktivierung\u00a0von Cookies kann die Funktionalit\u00e4t dieser Website eingeschr\u00e4nkt sein.\u00a0Cookies, die zur Durchf\u00fchrung des elektronischen Kommunikationsvorgangs oder zur Bereitstellung\u00a0bestimmter, von Ihnen erw\u00fcnschter Funktionen (z. B. Warenkorbfunktion) erforderlich sind, werden auf\u00a0Grundlage von Art. 6 Abs. 1 lit. f DSGVO gespeichert. Der Websitebetreiber hat ein berechtigtes Interesse\u00a0an der Speicherung von Cookies zur technisch fehlerfreien und optimierten Bereitstellung seiner Dienste.\u00a0Soweit andere Cookies (z. B. Cookies zur Analyse Ihres Surfverhaltens) gespeichert werden, werden diese in\u00a0dieser Datenschutzerkl\u00e4rung gesondert behandelt.<\/p><p class=\\\"_Copytext\\\">Anfrage per E-Mail, Telefon oder Telefax\u00a0Wenn Sie uns per E-Mail, Telefon oder Telefax kontaktieren, wird Ihre Anfrage inklusive aller daraus\u00a0hervorgehenden personenbezogenen Daten (Name, Anfrage) zum Zwecke der Bearbeitung Ihres Anliegens\u00a0bei uns gespeichert und verarbeitet. Diese Daten geben wir nicht ohne Ihre Einwilligung weiter.\u00a0Die Verarbeitung dieser Daten erfolgt auf Grundlage von Art. 6 Abs. 1 lit. b DSGVO, sofern Ihre Anfrage mit\u00a0der Erf\u00fcllung eines Vertrags zusammenh\u00e4ngt oder zur Durchf\u00fchrung vorvertraglicher Ma\u00dfnahmen\u00a0erforderlich ist. In allen \u00fcbrigen F\u00e4llen beruht die Verarbeitung auf Ihrer Einwilligung (Art. 6 Abs. 1 lit. a\u00a0DSGVO) und\/oder auf unseren berechtigten Interessen (Art. 6 Abs. 1 lit. f DSGVO), da wir ein berechtigtes\u00a0Interesse an der effektiven Bearbeitung der an uns gerichteten Anfragen haben.\u00a0Die von Ihnen an uns per Kontaktanfragen \u00fcbersandten Daten verbleiben bei uns, bis Sie uns zur L\u00f6schung\u00a0auffordern, Ihre Einwilligung zur Speicherung widerrufen oder der Zweck f\u00fcr die Datenspeicherung entf\u00e4llt\u00a0(z. B. nach abgeschlossener Bearbeitung Ihres Anliegens). Zwingende gesetzliche Bestimmungen \u2013\u00a0insbesondere gesetzliche Aufbewahrungsfristen \u2013 bleiben unber\u00fchrt.<\/p><p>\u00a0<\/p><p class=\\\"_Copytext\\\">4. Analyse-Tools und Werbung<\/p><p class=\\\"_Copytext\\\">1&amp;1 Web Analytics<\/p><p class=\\\"_Copytext\\\">Diese Website nutzt die Analysedienste von 1&amp;1-Webanalytics. Anbieter ist die 1&amp;1 Internet SE,\u00a0Elgendorfer Stra\u00dfe 57, D \u2013 56410 Montabaur. Im Rahmen der Analysen mit 1&amp;1 k\u00f6nnen u. a. Besucherzahlen\u00a0und \u2013verhalten (z. B. Anzahl der Seitenaufrufe, Dauer eines Webseitenbesuchs, Absprungraten),\u00a0Besucherquellen (d. h., von welcher Seite der Besucher kommt), Besucherstandorte sowie technische Daten\u00a0(Browser- und Betriebssystemversionen) analysiert werden. Zu diesem Zweck speichert 1&amp;1 insbesondere\u00a0folgende Daten:<\/p><p class=\\\"_Copytext\\\">Referrer (zuvor besuchte Webseite)<\/p><p class=\\\"_Copytext\\\">angeforderte Webseite oder Datei<\/p><p class=\\\"_Copytext\\\">Browsertyp und Browserversion<\/p><p class=\\\"_Copytext\\\">verwendetes Betriebssystem<\/p><p class=\\\"_Copytext\\\">verwendeter Ger\u00e4tetyp<\/p><p class=\\\"_Copytext\\\">Uhrzeit des Zugriffs<\/p><p class=\\\"_Copytext\\\">IP-Adresse in anonymisierter Form (wird nur zur Feststellung des Orts des Zugriffs verwendet)<\/p><p class=\\\"_Copytext\\\">Die Datenerfassung erfolgt laut 1&amp;1 vollst\u00e4ndig anonymisiert, sodass sie nicht zu einzelnen Personen\u00a0zur\u00fcckverfolgt werden kann. Cookies werden von 1&amp;1-Webanalytics nicht gespeichert.\u00a0Die Speicherung und Analyse der Daten erfolgt auf Grundlage von Art. 6 Abs. 1 lit. f DSGVO. Der\u00a0Websitebetreiber hat ein berechtigtes Interesse an der statistischen Analyse des Nutzerverhaltens, um\u00a0sowohl sein Webangebot als auch seine Werbung zu optimieren. Weitere Informationen zur Datenerfassung\u00a0und Verarbeitung durch 1&amp;1-Webanalytics entnehmen Sie folgenden Links:<\/p><p class=\\\"_Copytext\\\">https:\/\/hosting.1und1.de\/hilfe\/online-marketing\/<\/p><p class=\\\"_Copytext\\\">https:\/\/hosting.1und1.de\/hilfe\/datenschutz\/datenverarbeitung-von-webseitenbesuchern-ihres-companyname-produktes\/webanalytics\/<\/p><p class=\\\"_Copytext\\\">https:\/\/hosting.1und1.de\/terms-gtc\/terms-privacy\/<\/p>\",\r\n          \"align\": \"bottom\",\r\n          \"row\": -1,\r\n          \"col\": 0,\r\n          \"colspan\": 6,\r\n          \"offsetx\": 0,\r\n          \"offsety\": 0,\r\n          \"spaceabove\": 0,\r\n          \"spacebelow\": 0,\r\n          \"yvel\": 1,\r\n          \"push\": 0,\r\n          \"relid\": 6\r\n        }\r\n      ],\r\n      \"align\": \"top\",\r\n      \"row\": 0,\r\n      \"col\": 6,\r\n      \"colspan\": 6,\r\n      \"offsetx\": 0,\r\n      \"offsety\": 0,\r\n      \"spaceabove\": 0,\r\n      \"spacebelow\": 0,\r\n      \"yvel\": 1,\r\n      \"push\": 0,\r\n      \"relid\": 7\r\n    },\r\n    {\r\n      \"type\": \"text\",\r\n      \"cont\": \"<h1 class=\\\"_NAVIGATION\\\"><a href=\\\"https:\/\/scharrelmann.com\/scharrelmann\/\\\" data-type=\\\"page\\\" data-id=\\\"28\\\" data-title=\\\"SCHARRELMANN\\\">\u2039 DATA<\/a>\u00a0PRIVACY<\/h1>\",\r\n      \"align\": \"top\",\r\n      \"row\": 1,\r\n      \"col\": 0,\r\n      \"colspan\": 6,\r\n      \"offsetx\": 0,\r\n      \"offsety\": 0,\r\n      \"spaceabove\": 0,\r\n      \"spacebelow\": 0,\r\n      \"yvel\": 1,\r\n      \"push\": 0,\r\n      \"relid\": 5\r\n    },\r\n    {\r\n      \"type\": \"text\",\r\n      \"cont\": \"<h1 class=\\\"_NAVIGATION\\\">^ TOP<\/h1>\",\r\n      \"align\": \"top\",\r\n      \"row\": 1,\r\n      \"col\": 6,\r\n      \"colspan\": 6,\r\n      \"offsetx\": 0,\r\n      \"offsety\": 0,\r\n      \"spaceabove\": 0,\r\n      \"spacebelow\": 0,\r\n      \"yvel\": 1,\r\n      \"push\": 0,\r\n      \"relid\": 8,\r\n      \"isscrolltotop\": true\r\n    }\r\n  ]\r\n}","phonegrid":"","_links":{"self":[{"href":"https:\/\/scharrelmann.com\/en\/wp-json\/wp\/v2\/pages\/257","targetHints":{"allow":["GET"]}}],"collection":[{"href":"https:\/\/scharrelmann.com\/en\/wp-json\/wp\/v2\/pages"}],"about":[{"href":"https:\/\/scharrelmann.com\/en\/wp-json\/wp\/v2\/types\/page"}],"author":[{"embeddable":true,"href":"https:\/\/scharrelmann.com\/en\/wp-json\/wp\/v2\/users\/1"}],"replies":[{"embeddable":true,"href":"https:\/\/scharrelmann.com\/en\/wp-json\/wp\/v2\/comments?post=257"}],"version-history":[{"count":0,"href":"https:\/\/scharrelmann.com\/en\/wp-json\/wp\/v2\/pages\/257\/revisions"}],"wp:attachment":[{"href":"https:\/\/scharrelmann.com\/en\/wp-json\/wp\/v2\/media?parent=257"}],"curies":[{"name":"wp","href":"https:\/\/api.w.org\/{rel}","templated":true}]}}