{"id":221,"date":"2019-04-08T10:23:38","date_gmt":"2019-03-25T13:18:06","guid":{"rendered":"https:\/\/scharrelmann.com\/remedies-2\/"},"modified":"2019-06-03T13:00:56","modified_gmt":"2019-06-03T11:00:56","slug":"kontakt","status":"publish","type":"page","link":"https:\/\/scharrelmann.com\/en\/kontakt\/","title":{"rendered":"Contact"},"content":{"rendered":"","protected":false},"excerpt":{"rendered":"","protected":false},"author":1,"featured_media":0,"parent":0,"menu_order":12,"comment_status":"closed","ping_status":"closed","template":"","meta":[],"class_list":["post-221","page","type-page","status-publish","hentry"],"grid":"{\r\n  \"colCount\": 12,\r\n  \"colGutter\": 1,\r\n  \"rowGutters\": [\r\n    4\r\n  ],\r\n  \"frameMargin\": 2,\r\n  \"topFrameMargin\": 2,\r\n  \"bottomFrameMargin\": 5,\r\n  \"rowAttrs\": [\r\n    {},\r\n    {}\r\n  ],\r\n  \"bgColor\": null,\r\n  \"cont\": [\r\n    {\r\n      \"type\": \"stack\",\r\n      \"cont\": [\r\n        {\r\n          \"type\": \"text\",\r\n          \"cont\": \"<h1 class=\\\"_NAVIGATION\\\"><a href=\\\"https:\/\/scharrelmann.com\/scharrelmann\/\\\" data-type=\\\"page\\\" data-id=\\\"28\\\" data-title=\\\"SCHARRELMANN\\\">\u2039 CONTACT<\/a><\/h1>\",\r\n          \"align\": \"top\",\r\n          \"row\": -1,\r\n          \"col\": 0,\r\n          \"colspan\": 6,\r\n          \"offsetx\": 0,\r\n          \"offsety\": 0,\r\n          \"spaceabove\": 0,\r\n          \"spacebelow\": 2,\r\n          \"yvel\": 1,\r\n          \"push\": 0,\r\n          \"relid\": 4\r\n        },\r\n        {\r\n          \"type\": \"img\",\r\n          \"cont\": \"\/wp-content\/uploads\/2019\/04\/Jan_Sec_Sucks2.jpg\",\r\n          \"align\": \"top\",\r\n          \"row\": -1,\r\n          \"col\": 0,\r\n          \"colspan\": 6,\r\n          \"offsetx\": 0,\r\n          \"offsety\": 0,\r\n          \"spaceabove\": 0,\r\n          \"spacebelow\": 2,\r\n          \"yvel\": 1,\r\n          \"push\": 0,\r\n          \"relid\": 1148,\r\n          \"attid\": 254,\r\n          \"sizes\": {\r\n            \"full\": \"\/wp-content\/uploads\/2019\/04\/Jan_Sec_Sucks2.jpg\",\r\n            \"_512\": \"\/wp-content\/uploads\/2019\/04\/Jan_Sec_Sucks2-512x723.jpg\",\r\n            \"_265\": \"\/wp-content\/uploads\/2019\/04\/Jan_Sec_Sucks2-265x374.jpg\"\r\n          },\r\n          \"ar\": 1.4128595600676819,\r\n          \"alt\": \"\"\r\n        }\r\n      ],\r\n      \"align\": \"top\",\r\n      \"row\": 0,\r\n      \"col\": 0,\r\n      \"colspan\": 6,\r\n      \"offsetx\": 0,\r\n      \"offsety\": 0,\r\n      \"spaceabove\": 0,\r\n      \"spacebelow\": 0,\r\n      \"yvel\": 1,\r\n      \"push\": 0,\r\n      \"relid\": 59\r\n    },\r\n    {\r\n      \"type\": \"stack\",\r\n      \"cont\": [\r\n        {\r\n          \"type\": \"text\",\r\n          \"cont\": \"<p class=\\\"_Copytext\\\">Verantwortliche gem\u00e4\u00df \u00a75 TMG:<br \/>Jan Scharrelmann<br \/>Oskar-Jaeger-Strasse 145<br \/>50825 Cologne \/ Germany<br \/><a href=\\\"mailto:%20mail@scharrelmann.com\\\">mail@scharrelmann.com<\/a><\/p>\",\r\n          \"align\": \"top\",\r\n          \"row\": -1,\r\n          \"col\": 0,\r\n          \"colspan\": 6,\r\n          \"offsetx\": 0,\r\n          \"offsety\": 0,\r\n          \"spaceabove\": 0,\r\n          \"spacebelow\": 2,\r\n          \"yvel\": 1,\r\n          \"push\": 0,\r\n          \"relid\": 11\r\n        },\r\n        {\r\n          \"type\": \"text\",\r\n          \"cont\": \"<p class=\\\"_Copytext\\\"><span style=\\\"letter-spacing: 0.01em; text-indent: 0em; background-color: transparent;\\\">Design \/ Development:<br \/><\/span><a href=\\\"https:\/\/studiovonm.com\\\" target=\\\"_blank\\\" rel=\\\"noopener\\\">Studio von Monkiewitsch, Cologne<\/a><br \/><br \/>Photography:<br \/><a href=\\\"http:\/\/www.berndborchardt.de\\\" target=\\\"_blank\\\" rel=\\\"noopener\\\">Bernd Borchardt, Berlin<\/a><\/p>\",\r\n          \"align\": \"top\",\r\n          \"row\": -1,\r\n          \"col\": 0,\r\n          \"colspan\": 6,\r\n          \"offsetx\": 0,\r\n          \"offsety\": 0,\r\n          \"spaceabove\": 0,\r\n          \"spacebelow\": 2,\r\n          \"yvel\": 1,\r\n          \"push\": 0,\r\n          \"relid\": 12\r\n        },\r\n        {\r\n          \"type\": \"text\",\r\n          \"cont\": \"<p class=\\\"_Copytext\\\">Impressum:<br \/>USt.-Id-Nr. gem\u00e4\u00df \u00a7 27 a UStG: DE244502602<br \/>Inhaltlich Verantwortlicher gem\u00e4\u00df \u00a7 55 Abs. 2 RStV:\u00a0Jan Scharrelmann (Anschrift wie oben)<br \/><br \/>Haftungshinweis:<br \/>Trotz sorgf\u00e4ltiger inhaltlicher Kontrolle \u00fcbernehmen wir keine Haftung f\u00fcr die Inhalte externer Links. F\u00fcr den Inhalt der verlinkten Seiten sind ausschlie\u00dflich deren Betreiber verantwortlich.<\/p>\",\r\n          \"align\": \"middle\",\r\n          \"row\": -1,\r\n          \"col\": 0,\r\n          \"colspan\": 6,\r\n          \"offsetx\": 0,\r\n          \"offsety\": 0,\r\n          \"spaceabove\": 0,\r\n          \"spacebelow\": 0,\r\n          \"yvel\": 1,\r\n          \"push\": 0,\r\n          \"relid\": 10\r\n        }\r\n      ],\r\n      \"align\": \"top\",\r\n      \"row\": 0,\r\n      \"col\": 6,\r\n      \"colspan\": 6,\r\n      \"offsetx\": 0,\r\n      \"offsety\": 0,\r\n      \"spaceabove\": 0,\r\n      \"spacebelow\": 0,\r\n      \"yvel\": 1,\r\n      \"push\": 0,\r\n      \"relid\": 6\r\n    },\r\n    {\r\n      \"type\": \"text\",\r\n      \"cont\": \"<h1 class=\\\"_NAVIGATION\\\"><a href=\\\"https:\/\/scharrelmann.com\/scharrelmann\/\\\" data-type=\\\"page\\\" data-id=\\\"28\\\" data-title=\\\"SCHARRELMANN\\\">\u2039 CONTACT<\/a><\/h1>\",\r\n      \"align\": \"top\",\r\n      \"row\": 1,\r\n      \"col\": 0,\r\n      \"colspan\": 6,\r\n      \"offsetx\": 0,\r\n      \"offsety\": 0,\r\n      \"spaceabove\": 0,\r\n      \"spacebelow\": 0,\r\n      \"yvel\": 1,\r\n      \"push\": 0,\r\n      \"relid\": 5\r\n    },\r\n    {\r\n      \"type\": \"text\",\r\n      \"cont\": \"<h1 class=\\\"_NAVIGATION\\\">^ TOP<\/h1>\",\r\n      \"align\": \"top\",\r\n      \"row\": 1,\r\n      \"col\": 6,\r\n      \"colspan\": 6,\r\n      \"offsetx\": 0,\r\n      \"offsety\": 0,\r\n      \"spaceabove\": 0,\r\n      \"spacebelow\": 0,\r\n      \"yvel\": 1,\r\n      \"push\": 0,\r\n      \"relid\": 8,\r\n      \"isscrolltotop\": true\r\n    }\r\n  ]\r\n}","phonegrid":"","_links":{"self":[{"href":"https:\/\/scharrelmann.com\/en\/wp-json\/wp\/v2\/pages\/221","targetHints":{"allow":["GET"]}}],"collection":[{"href":"https:\/\/scharrelmann.com\/en\/wp-json\/wp\/v2\/pages"}],"about":[{"href":"https:\/\/scharrelmann.com\/en\/wp-json\/wp\/v2\/types\/page"}],"author":[{"embeddable":true,"href":"https:\/\/scharrelmann.com\/en\/wp-json\/wp\/v2\/users\/1"}],"replies":[{"embeddable":true,"href":"https:\/\/scharrelmann.com\/en\/wp-json\/wp\/v2\/comments?post=221"}],"version-history":[{"count":0,"href":"https:\/\/scharrelmann.com\/en\/wp-json\/wp\/v2\/pages\/221\/revisions"}],"wp:attachment":[{"href":"https:\/\/scharrelmann.com\/en\/wp-json\/wp\/v2\/media?parent=221"}],"curies":[{"name":"wp","href":"https:\/\/api.w.org\/{rel}","templated":true}]}}