{"id":219,"date":"2019-04-05T17:02:54","date_gmt":"2019-03-25T13:18:06","guid":{"rendered":"https:\/\/scharrelmann.com\/downtoearth-2\/"},"modified":"2019-06-03T12:56:27","modified_gmt":"2019-06-03T10:56:27","slug":"vita","status":"publish","type":"page","link":"https:\/\/scharrelmann.com\/en\/vita\/","title":{"rendered":"Vita"},"content":{"rendered":"","protected":false},"excerpt":{"rendered":"","protected":false},"author":1,"featured_media":0,"parent":0,"menu_order":11,"comment_status":"closed","ping_status":"closed","template":"","meta":[],"class_list":["post-219","page","type-page","status-publish","hentry"],"grid":"{\r\n  \"colCount\": 12,\r\n  \"colGutter\": 1,\r\n  \"rowGutters\": [\r\n    4\r\n  ],\r\n  \"frameMargin\": 2,\r\n  \"topFrameMargin\": 2,\r\n  \"bottomFrameMargin\": 5,\r\n  \"rowAttrs\": [\r\n    {},\r\n    {}\r\n  ],\r\n  \"bgColor\": null,\r\n  \"cont\": [\r\n    {\r\n      \"type\": \"stack\",\r\n      \"cont\": [\r\n        {\r\n          \"type\": \"text\",\r\n          \"cont\": \"<h1 class=\\\"_NAVIGATION\\\"><a href=\\\"https:\/\/scharrelmann.com\/texte\/\\\" data-type=\\\"page\\\" data-id=\\\"192\\\" data-title=\\\"TEXTE\\\">\u2039 vita<\/a><\/h1>\",\r\n          \"align\": \"top\",\r\n          \"row\": -1,\r\n          \"col\": 0,\r\n          \"colspan\": 6,\r\n          \"offsetx\": 0,\r\n          \"offsety\": 0,\r\n          \"spaceabove\": 0,\r\n          \"spacebelow\": 2,\r\n          \"yvel\": 1,\r\n          \"push\": 0,\r\n          \"relid\": 4\r\n        },\r\n        {\r\n          \"type\": \"text\",\r\n          \"cont\": \"<p class=\\\"_VITA\\\">1975\u00a0<\/p><p class=\\\"_Copytext\\\">*Cologne<br \/><br \/><\/p><p class=\\\"_VITA\\\">1996\u201300\u00a0<\/p><p class=\\\"_Copytext\\\">Staatliche Akademie der\u00a0Bildenden K\u00fcnste Karlsruhe bei Meuser<br \/><br \/><\/p><p class=\\\"_VITA\\\">1999\u00a0<\/p><p class=\\\"_Copytext\\\">Erasmus-Stipendium<\/p><p class=\\\"_Copytext\\\">K\u00f6nigliche Akademie der Bildenden K\u00fcnste Den Haag<br \/><br \/><\/p><p class=\\\"_VITA\\\">2000\u201302\u00a0<\/p><p class=\\\"_Copytext\\\">Kunstakademie D\u00fcsseldorf\u00a0bei Georg Herold, Meistersch\u00fcler<br \/><br \/><\/p><p class=\\\"_VITA\\\">2007\u00a0<\/p><p class=\\\"_Copytext\\\">Sammlung zeitgen\u00f6ssischer Kunst der Bundesrepublik Deutschland<br \/><br \/><\/p><p class=\\\"_VITA\\\">2009\u201311\u00a0<\/p><p class=\\\"_Copytext\\\">Art Scope. Daimler Japan, Tokyo<br \/><br \/><\/p><p class=\\\"_VITA\\\">2014\u00a0<\/p><p class=\\\"_Copytext\\\">Kunststiftung NRW<\/p><p class=\\\"_Copytext\\\"><br \/>lives and works in Cologne<br \/><br \/><\/p><p class=\\\"_VITA\\\">COLLECTIONS<\/p><p class=\\\"_Copytext\\\">Museum Kunstpalast D\u00fcsseldorf<\/p><p class=\\\"_Copytext\\\">Sammlung zeitgen\u00f6ssischer Kunst der\u00a0Bundesrepublik Deutschland<\/p><p class=\\\"_Copytext\\\">Stiftung Saarl\u00e4ndischer Kulturbesitz,\u00a0Saarlandmuseum<\/p><p class=\\\"_Copytext\\\">Daimler Art Collection<\/p><p class=\\\"_Copytext\\\">Kunstsammlungen Chemnitz<\/p><p class=\\\"_Copytext\\\">Skulpturenmuseum Glaskasten Marl<\/p><p class=\\\"_Copytext\\\">Atradius<\/p><p class=\\\"_Copytext\\\">Sammlung Generali<\/p>\",\r\n          \"align\": \"top\",\r\n          \"row\": -1,\r\n          \"col\": 0,\r\n          \"colspan\": 6,\r\n          \"offsetx\": 0,\r\n          \"offsety\": 0,\r\n          \"spaceabove\": 0,\r\n          \"spacebelow\": 0,\r\n          \"yvel\": 1,\r\n          \"push\": 0,\r\n          \"relid\": 10\r\n        }\r\n      ],\r\n      \"align\": \"top\",\r\n      \"row\": 0,\r\n      \"col\": 0,\r\n      \"colspan\": 6,\r\n      \"offsetx\": 0,\r\n      \"offsety\": 0,\r\n      \"spaceabove\": 0,\r\n      \"spacebelow\": 0,\r\n      \"yvel\": 1,\r\n      \"push\": 0,\r\n      \"relid\": 9\r\n    },\r\n    {\r\n      \"type\": \"text\",\r\n      \"cont\": \"<h1 class=\\\"_NAVI2\\\">EXHIBITIONS<\/h1><p class=\\\"_Copytext\\\">[Auswahl]<br \/><br \/><\/p><p class=\\\"_VITA\\\">2018<\/p><p class=\\\"_Copytext\\\">\\\"GODDAMN ELECTRIC\\\",\u00a0Galerie Hammelehle und Ahrens, K\u00f6ln [E]<br \/>\\\"Spirit Caravan\\\",\u00a0Galerie Laing, M\u00fcnster [E] \u00a0<br \/>\\\"Kunst &amp; Leidenschaft -\u00a050 JAHRE KUNSTVEREIN GELSENKIRCHEN\\\"\u00a0Kunstverein Gelsenkirchen e.V.\u00a0im Kunstmuseum Gelsenkirchen [G]<\/p><p>\u00a0<\/p><p class=\\\"_VITA\\\">2017<\/p><p class=\\\"_Copytext\\\">\\\"Von Pablo Picasso bis Robert Rauschenberg\\\", \u00a0Schenkungen Bastian,\u00a0Kunstsammlungen \u00a0Chemnitz, \u00a0Chemnitz \u00a0[G, Kat.]<br \/>\\\"Michael Craik \/ Gisela Hoffmann \/ Jan \u00a0Scharrelmann\\\", Verein f\u00fcr Aktuelle Kunst \/ \u00a0Ruhrgebiet e.V., Oberhausen [G]<\/p><p>\u00a0<\/p><p class=\\\"_VITA\\\">2016<\/p><p class=\\\"_Copytext\\\">\\\"STATEMENT 3: New Sculpture from Germany\\\"<br \/>Goethe-Institut Hongkong \/\u00a0Ministry of Art, Hongkong\u00a0 [G, Kat.]<br \/>\\\"Dead but Dreaming\\\"\u00a0Galerie Hammelehle und Ahrens, K\u00f6ln\u00a0 [E]<\/p><p>\u00a0<\/p><p class=\\\"_VITA\\\">2015<\/p><p class=\\\"_Copytext\\\">\\\"Rates of Exchange\\\", MSU,\u00a0Museum f\u00fcr zeitgen\u00f6ssische Kunst, Zagreb [G, Kat.]<br \/>\\\"Skulptur 2015\\\"\u00a0Skulpturenmuseum Glaskasten, Marl [G, Kat.]<br \/>\\\"Inneroutfit\\\"\u00a0Galerie Hammelehle und Ahrens, K\u00f6ln [G]<br \/>\\\"Nachbilder\\\", Petersburger, K\u00f6ln [G]<br \/>\\\"Farbwechsel\\\"\u00a0Kunstverein im Kunstmuseum Gelsenkirchen [G, Kat.]<\/p><p>\u00a0<\/p><p class=\\\"_VITA\\\">2014<\/p><p class=\\\"_Copytext\\\">\\\"DYSTOTAL\\\", Pori Art Museum, Pori, Finnland [G]<br \/>\\\"2000+ Neu im Saarlandmuseum\\\"\u00a0Saarlandmuseum, Saarbr\u00fccken [G, Kat.]<br \/>\\\"Eins auf die Freske\\\", GG Garage, K\u00f6ln [G]<br \/>\\\"Another Place\/Another Space\/Together\\\"<br \/>Leeschenhof, D\u00fcsseldorf [G]<br \/>\\\"Jan Scharrelmann - Kunst am Ceci\\\"\u00a0Cecilien-Gymnasium, D\u00fcsseldorf [E]<br \/>\\\"Spaced In\\\", GAGARIN, D\u00fcsseldorf [E]\u00a0mit Martijn Schuppers <a href=\\\"http:\/\/kunstraumgagarin.blogspot.de\/\\\"><br \/><\/a>\\\"Bright Now\\\", EINRAUMHAUS c\/o Mannheim [E]<br \/>\\\"On the Same Side of the Water\\\"\u00a0Kunstquartier Bethanien, Berlin [G]<\/p><p>\u00a0<\/p><p class=\\\"_VITA\\\">2013<\/p><p class=\\\"_Copytext\\\">\\\"Nur hier. Sammlung zeitgen\u00f6ssischer Kunst der\u00a0Bundesrepublik Deutschland.\\\"<br \/>\u00a0Bundeskunsthalle, Bonn [G, Kat.]<br \/>\\\"World Eater\\\"\u00a0Galerie Hammelehle und Ahrens, K\u00f6ln [E]<br \/>\\\"SUPERTOUCH\\\", Sightfenster, K\u00f6ln [E]<br \/>\\\"Golden Age\\\", Jagla Ausstellungsraum, K\u00f6ln [E]<br \/>\\\"anderes sagen\\\", KM, Berlin [G]<br \/>\\\"sch\u00f6n komplex sch\u00f6n\\\", Kasseler Kunstverein, Kassel [G]<\/p><p>\u00a0<\/p><p class=\\\"_VITA\\\">2012<\/p><p class=\\\"_Copytext\\\">\\\"The Hidden\\\"\u00a0devening projects &amp; editions, Chicago [G]<br \/>\\\"Salon d'\u00e9t\u00e9 \u00e0 Mastul\\\", Berlin [G]<br \/>\\\"Im Dialog 1\/3\\\", KunstHalle Cloppenburg [E]\u00a0<br \/>\u00a0mit Kirsten van den Bogaard\u00a0 \u00a0 \u00a0 \u00a0 \u00a0 \u00a0 \u00a0\u00a0 \u00a0 <br \/>\\\"oqbo exchange &gt; dok25a\\\", Galerie oqbo, Berlin [G]<br \/>\\\"Night Watch\\\"<br \/>\u00a0Galerie Hammelehle und Ahrens, K\u00f6ln [E]<br \/>\\\"Perm\\\", Tapetenwerk Leipzig [G]<\/p><p>\u00a0<\/p><p class=\\\"_VITA\\\">2011<\/p><p class=\\\"_Copytext\\\">\\\"Invisible Memories\\\"\u00a0Hara Museum of Contemporary Art, Tokyo [G, Kat.]<br \/>\\\"Soulcraft\\\", NOTE ON, Berlin [E]<br \/>\\\"GSK Jahressieger\\\", GSK, D\u00fcsseldorf [G]<br \/>\\\"About Abstraction\\\", Art Agent, Berlin [G]<br \/>\\\"Scharrelmann streitet mit Schulze\\\", GSK, D\u00fcsseldorf [E]<br \/>\\\"Hoesch-Skulptur\\\", Leopold-Hoesch-Museum, D\u00fcren [E]<\/p><p>\u00a0<\/p><p class=\\\"_VITA\\\">2010<\/p><p class=\\\"_Copytext\\\">\\\"Neues Rheinland. Die postironische Generation\\\"\u00a0Museum Morsbroich, Leverkusen [G, Kat.]<br \/>\\\"Electric Wizard\\\", Koffer, Berlin [E]<br \/>\\\"Saved by Spirit\\\", Gertrud #1, St. Gertrud, K\u00f6ln [E]<br \/>\\\"UP\\\", Kunstverein Pforzheim im Reuchlinhaus[E]<br \/>\\\"Colour Spaces\\\", Galerie M\u00fcnsterland, Emsdetten [G]<br \/>\\\"Toxicure\\\", Koelnberg Kunstverein, K\u00f6ln [G]<\/p><p>\u00a0<\/p><p class=\\\"_VITA\\\">2009<\/p><p class=\\\"_Copytext\\\">\\\"Drawing Sculpture\\\", Daimler Contemporary<br \/>\u00a0Haus Huth, Berlin [G]<br \/>\\\"exorbitale\\\", Liaison Controverse\u00a0Walzwerk, D\u00fcsseldorf [G]<br \/>\\\"make`em blind\\\", Anna Klinkhammer Galerie<br \/>\u00a0D\u00fcsseldorf [E] mit Andrea Lehmann<br \/>\\\"Metamorphosis\\\", Konsortium, D\u00fcsseldorf [E]<br \/>\\\"The Ancient Ones\\\"\u00a0Galerie Hammelehle und Ahrens, K\u00f6ln [E]<br \/>\\\"SCULPT-O-MANIA, Neue Skulptur aus Deutschland\\\"\u00a0St\u00e4dtische Galerie Bietigheim-Bissingen [G, Kat.]<\/p><p>\u00a0<\/p><p class=\\\"_VITA\\\">2008<\/p><p class=\\\"_Copytext\\\">\\\"Down to Earth\\\"\u00a0Saarlandmuseum, Saarbr\u00fccken [E, Kat.]<br \/>\\\"skulptur 03 08\\\", Kulturforum Alte Post, Neuss [G]<br \/>\\\"parcours interdit\\\", Malkastenpark, D\u00fcsseldorf [G]<br \/>\\\"SCULPT-O-MANIA, Neue Skulptur aus Deutschland\\\"<br \/>\u00a0Stadtgalerie Kiel [G, Kat.]<br \/>\\\"Jan Scharrelmann und Klaus Beck\\\", dok25a<br \/>\u00a0D\u00fcsseldorf mit Klaus Beck [E]<br \/>\\\"Into the Woods\\\", Kronprinzenpalais, Berlin [G, Kat.]<br \/>\\\"Arrived Alive\\\"\u00a0Galerie Hammelehle und Ahrens, K\u00f6ln [E]<br \/>\\\"I don't wanna talk about it\\\", glue, Berlin [G]<br \/>\\\"Forward to Death\\\", FYW, K\u00f6ln [E]<\/p><p>\u00a0<\/p><p class=\\\"_VITA\\\">2007<\/p><p class=\\\"_Copytext\\\">\\\"SKULPTURSKULPTUR\\\"\u00a0Kunstmuseum M\u00fclheim an der Ruhr [G, Kat.]<br \/>Aschenbach &amp; Hofland Galleries, Amsterdam [E]\u00a0mit Jens Wolf<br \/>\\\"Enter Eleusys\\\", Klara Wallner Galerie, Berlin [E]<\/p><p>\u00a0<\/p><p class=\\\"_VITA\\\">2006<\/p><p class=\\\"_Copytext\\\">\\\"Scharrelmania\\\", The Minibar, D\u00fcsseldorf [E]<br \/>\\\"Tonplastiken\\\", FYW, K\u00f6ln [G, Kat.]<br \/>\\\"Die sch\u00f6ne Nacht im Liebeskraut\\\", Kampagne, Berlin [G]<br \/>\\\"The Golden Chalice\\\"\u00a0Galerie Hammelehle und Ahrens, K\u00f6ln [E, Kat.]<\/p><p>\u00a0<\/p><p class=\\\"_VITA\\\">2005<\/p><p class=\\\"_Copytext\\\">\\\"Integrit\u00e4t\\\", UBERBAU, D\u00fcsseldorf [G, Kat.]<br \/>\\\"Kunst macht Schule\\\", Saarlandmuseum\u00a0Saarbr\u00fccken [G, Kat.]<br \/>\\\"Autopilot\\\", Konsortium\/701 e.V., D\u00fcsseldorf [G, Kat.]<br \/>\\\"Dreader than Dead\\\", Klara Wallner Galerie, Berlin [E]<br \/>\\\"Mr. Dong\\\", UBERBAU in The Minibar, D\u00fcsseldorf [G]<\/p><p>\u00a0<\/p><p class=\\\"_VITA\\\">2004<\/p><p class=\\\"_Copytext\\\">\\\"Skygrade\\\"\u00a0Galerie Hammelehle und Ahrens, K\u00f6ln [E]<\/p><p>\u00a0<\/p><p class=\\\"_VITA\\\">2003<\/p><p class=\\\"_Copytext\\\">\\\"Skulptur\\\", Galerie Stefan Rasche, M\u00fcnster [E]<br \/>\\\"Remedies\\\", Galerie Hammelehle und Ahrens, K\u00f6ln [E]<br \/>\\\"UBERBAU \u2013 Der Atom\\\", UBERBAU, D\u00fcsseldorf [G, Kat.]<\/p><p>\u00a0<\/p><p class=\\\"_VITA\\\">2002<\/p><p class=\\\"_Copytext\\\">Projektraum Tabea Langenkamp, D\u00fcsseldorf [G]<br \/>\\\"UBERBAU at Artis\\\", Artis, s\u00b4 Hertogenbosch, NL [G]<br \/>\\\"Die Superzelle\\\", Badischer Kunstverein, Karlsruhe [G]<br \/>\\\"never go under\\\", escale, D\u00fcsseldorf [E]<\/p><p>\u00a0<\/p><p class=\\\"_VITA\\\">2001<\/p><p class=\\\"_Copytext\\\">\\\"Sec Sucks\\\", Kunstraum Bruxelles, Br\u00fcssel [E]<br \/>\\\"april in parking meters\\\", K\u00f6ln [G]<br \/>\\\"Frahm\u2013Scharrelmann\\\", Maschenmode, Berlin [E]\u00a0mit Sven-Ole Frahm<br \/>\\\"The Rising Hope\\\", UBERBAU, D\u00fcsseldorf [G]<\/p><p>\u00a0<\/p><p class=\\\"_VITA\\\">2000<\/p><p class=\\\"_Copytext\\\">\\\"Moon White Future\\\"\u00a0hobbypop museum, D\u00fcsseldorf [G]<\/p><p>\u00a0<\/p><p class=\\\"_VITA\\\">1999<\/p><p class=\\\"_Copytext\\\">\\\"H\\\", 1642 Galerie, Den Haag mit Guido M\u00fcnch [E]<br \/>\\\"One Night Stand\\\", Museum Karlsruhe\u00a0Dragonerkaserne, Karlsruhe [G]<\/p>\",\r\n      \"align\": \"top\",\r\n      \"row\": 0,\r\n      \"col\": 6,\r\n      \"colspan\": 6,\r\n      \"offsetx\": 0,\r\n      \"offsety\": 0,\r\n      \"spaceabove\": 0,\r\n      \"spacebelow\": 0,\r\n      \"yvel\": 1,\r\n      \"push\": 0,\r\n      \"relid\": 11\r\n    },\r\n    {\r\n      \"type\": \"text\",\r\n      \"cont\": \"<h1 class=\\\"_NAVIGATION\\\"><a href=\\\"https:\/\/scharrelmann.com\/texte\/\\\" data-type=\\\"page\\\" data-id=\\\"192\\\" data-title=\\\"TEXTE\\\">\u2039 vita<\/a><\/h1>\",\r\n      \"align\": \"top\",\r\n      \"row\": 1,\r\n      \"col\": 0,\r\n      \"colspan\": 6,\r\n      \"offsetx\": 0,\r\n      \"offsety\": 0,\r\n      \"spaceabove\": 0,\r\n      \"spacebelow\": 0,\r\n      \"yvel\": 1,\r\n      \"push\": 0,\r\n      \"relid\": 7\r\n    },\r\n    {\r\n      \"type\": \"text\",\r\n      \"cont\": \"<h1 class=\\\"_NAVIGATION\\\">^ TOP<\/h1>\",\r\n      \"align\": \"top\",\r\n      \"row\": 1,\r\n      \"col\": 6,\r\n      \"colspan\": 6,\r\n      \"offsetx\": 0,\r\n      \"offsety\": 0,\r\n      \"spaceabove\": 0,\r\n      \"spacebelow\": 0,\r\n      \"yvel\": 1,\r\n      \"push\": 0,\r\n      \"relid\": 8,\r\n      \"isscrolltotop\": true\r\n    }\r\n  ]\r\n}","phonegrid":"","_links":{"self":[{"href":"https:\/\/scharrelmann.com\/en\/wp-json\/wp\/v2\/pages\/219","targetHints":{"allow":["GET"]}}],"collection":[{"href":"https:\/\/scharrelmann.com\/en\/wp-json\/wp\/v2\/pages"}],"about":[{"href":"https:\/\/scharrelmann.com\/en\/wp-json\/wp\/v2\/types\/page"}],"author":[{"embeddable":true,"href":"https:\/\/scharrelmann.com\/en\/wp-json\/wp\/v2\/users\/1"}],"replies":[{"embeddable":true,"href":"https:\/\/scharrelmann.com\/en\/wp-json\/wp\/v2\/comments?post=219"}],"version-history":[{"count":0,"href":"https:\/\/scharrelmann.com\/en\/wp-json\/wp\/v2\/pages\/219\/revisions"}],"wp:attachment":[{"href":"https:\/\/scharrelmann.com\/en\/wp-json\/wp\/v2\/media?parent=219"}],"curies":[{"name":"wp","href":"https:\/\/api.w.org\/{rel}","templated":true}]}}